{"id":65,"date":"2023-12-06T00:34:53","date_gmt":"2023-12-05T23:34:53","guid":{"rendered":"https:\/\/burgcoaching.de\/?page_id=65"},"modified":"2025-03-15T18:27:06","modified_gmt":"2025-03-15T17:27:06","slug":"natur-coaching","status":"publish","type":"page","link":"https:\/\/www.burgcoaching.de\/?page_id=65","title":{"rendered":"NaturCoaching"},"content":{"rendered":"<figure class=\"wp-block-image alignfull size-full\"><img loading=\"lazy\" decoding=\"async\" src=\"https:\/\/www.burgcoaching.de\/wp-content\/uploads\/2024\/12\/NaturCoaching.jpg\" alt=\"\" width=\"1400\" height=\"732\" class=\"alignnone size-full wp-image-340\" srcset=\"https:\/\/www.burgcoaching.de\/wp-content\/uploads\/2024\/12\/NaturCoaching.jpg 1400w, https:\/\/www.burgcoaching.de\/wp-content\/uploads\/2024\/12\/NaturCoaching-300x157.jpg 300w, https:\/\/www.burgcoaching.de\/wp-content\/uploads\/2024\/12\/NaturCoaching-1024x535.jpg 1024w, https:\/\/www.burgcoaching.de\/wp-content\/uploads\/2024\/12\/NaturCoaching-768x402.jpg 768w\" sizes=\"auto, (max-width: 1400px) 100vw, 1400px\" \/><\/figure>\n<h1>NaturCoaching<\/h1>\n<p class=\"burg\">Als NaturCoachin begleite und unterst\u00fctze ich dich bei deinem Entdeckungsprozess in der Natur. Genutzt werden verschiedene Methoden und \u00dcbungen, um dir zu helfen, in Verbindung mit deiner inneren Weisheit und Intuition zu treten.<\/p>\n<p>NaturCoaching bedeutet, die Natur als unseren Lehrmeister zu betrachten. Sie bietet uns eine F\u00fclle von M\u00f6glichkeiten, uns selbst und unsere Bed\u00fcrfnisse besser kennenzulernen. Gemeinsam erkunden wir die Sch\u00f6nheit der Umgebung, sei es ein malerischer Wald, ein ruhiger See oder einfach der \u00f6rtliche Park. Indem wir uns in diese Umgebung begeben, er\u00f6ffnen wir uns neue Perspektiven und Ans\u00e4tze, um Probleme zu l\u00f6sen und uns pers\u00f6nlich weiterzuentwickeln.<\/p>\n<p>Das Ziel des NaturCoachings ist Selbstreflexion, Selbsterkenntnis und Selbstwirksamkeit zu f\u00f6rdern. Indem wir unsere Beziehung zur Natur vertiefen, k\u00f6nnen wir auch unsere Beziehung zu uns selbst und zu anderen verbessern. Wir lernen, uns bewusster in unserer Umgebung zu bewegen, achtsamer zu sein und unsere innere Balance wiederzufinden.<\/p>\n<p>NaturCoaching kann in verschiedenen Bereichen des Lebens angewendet werden. Ob es um berufliche Herausforderungen, pers\u00f6nliche Ver\u00e4nderungen oder die Bew\u00e4ltigung von Stress geht, die Natur bietet uns einen Ort der Inspiration und Erholung. Sie schenkt uns neue Perspektiven, hilft uns, L\u00f6sungen zu finden und gibt uns St\u00e4rke und Vertrauen, unser volles Potenzial zu entfalten.<\/p>\n<p>Die Natur selbst hat eine heilende Wirkung auf uns. Die saubere Luft, das Gr\u00fcn der W\u00e4lder und das Rauschen der B\u00e4ume beruhigen unsere gestressten Gem\u00fcter und helfen uns, zur Ruhe zu kommen. In der Natur finden wir eine Quelle der Inspiration und Motivation, um unser volles Potenzial zu entfalten. Sie fordert uns heraus, neue Wege zu gehen und alte Denkmuster abzulegen.<\/p>\n<p>Wenn du das Gef\u00fchl hast, dass Natur Coaching das Richtige f\u00fcr dich sein k\u00f6nnte, dann kontaktiert mich gerne. Lass uns gemeinsam die wundersch\u00f6ne Natur entdecken und dabei kannst du dich selbst neu kennenlernen. Ich freue mich darauf, dich auf deinem pers\u00f6nlichen Weg zu begleiten.<\/p>\n<p>Deine Naturcoachin Beate Burg<\/p>\n","protected":false},"excerpt":{"rendered":"<p>NaturCoaching Als NaturCoachin begleite und unterst\u00fctze ich dich bei deinem Entdeckungsprozess in der Natur. Genutzt werden verschiedene Methoden und \u00dcbungen, um dir zu helfen, in&hellip;<\/p>\n","protected":false},"author":1,"featured_media":0,"parent":0,"menu_order":0,"comment_status":"closed","ping_status":"closed","template":"templates\/template-full-width.php","meta":{"footnotes":""},"class_list":["post-65","page","type-page","status-publish","hentry"],"_links":{"self":[{"href":"https:\/\/www.burgcoaching.de\/index.php?rest_route=\/wp\/v2\/pages\/65","targetHints":{"allow":["GET"]}}],"collection":[{"href":"https:\/\/www.burgcoaching.de\/index.php?rest_route=\/wp\/v2\/pages"}],"about":[{"href":"https:\/\/www.burgcoaching.de\/index.php?rest_route=\/wp\/v2\/types\/page"}],"author":[{"embeddable":true,"href":"https:\/\/www.burgcoaching.de\/index.php?rest_route=\/wp\/v2\/users\/1"}],"replies":[{"embeddable":true,"href":"https:\/\/www.burgcoaching.de\/index.php?rest_route=%2Fwp%2Fv2%2Fcomments&post=65"}],"version-history":[{"count":18,"href":"https:\/\/www.burgcoaching.de\/index.php?rest_route=\/wp\/v2\/pages\/65\/revisions"}],"predecessor-version":[{"id":381,"href":"https:\/\/www.burgcoaching.de\/index.php?rest_route=\/wp\/v2\/pages\/65\/revisions\/381"}],"wp:attachment":[{"href":"https:\/\/www.burgcoaching.de\/index.php?rest_route=%2Fwp%2Fv2%2Fmedia&parent=65"}],"curies":[{"name":"wp","href":"https:\/\/api.w.org\/{rel}","templated":true}]}}