{"id":61,"date":"2023-12-06T00:34:01","date_gmt":"2023-12-05T23:34:01","guid":{"rendered":"https:\/\/burgcoaching.de\/?page_id=61"},"modified":"2025-02-19T19:19:19","modified_gmt":"2025-02-19T18:19:19","slug":"aufraeum-coaching","status":"publish","type":"page","link":"https:\/\/www.burgcoaching.de\/?page_id=61","title":{"rendered":"Ordnungs Coaching"},"content":{"rendered":"<figure class=\"wp-block-image alignfull size-full\"><img loading=\"lazy\" decoding=\"async\" class=\"alignnone size-full wp-image-336\" src=\"https:\/\/www.burgcoaching.de\/wp-content\/uploads\/2024\/12\/OrdnungsCoaching.jpg\" alt=\"\" width=\"1400\" height=\"732\" srcset=\"https:\/\/www.burgcoaching.de\/wp-content\/uploads\/2024\/12\/OrdnungsCoaching.jpg 1400w, https:\/\/www.burgcoaching.de\/wp-content\/uploads\/2024\/12\/OrdnungsCoaching-300x157.jpg 300w, https:\/\/www.burgcoaching.de\/wp-content\/uploads\/2024\/12\/OrdnungsCoaching-1024x535.jpg 1024w, https:\/\/www.burgcoaching.de\/wp-content\/uploads\/2024\/12\/OrdnungsCoaching-768x402.jpg 768w\" sizes=\"auto, (max-width: 1400px) 100vw, 1400px\" \/><\/figure>\n<h1>OrdnungsCoaching<\/h1>\n<p class=\"burg\">Finde die Ursache f\u00fcr Unordnung \u2013 Bringe Ordnung in dein Leben!<br \/>\nF\u00fchlst du dich manchmal von der Unordnung in deinem Zuhause oder in deinem Arbeitsbereich \u00fcberw\u00e4ltigt? Hast du das Gef\u00fchl, dass du st\u00e4ndig gegen das Chaos ank\u00e4mpfst, aber nie wirklich gewinnst?<\/p>\n<p>Viele Menschen stehen vor der Herausforderung, ihre Wohnr\u00e4ume oder Arbeitsbereiche ordentlich und einladend zu gestalten. Doch bevor du aufr\u00e4umst, ist es wichtig, die Ursache f\u00fcr die Unordnung zu finden.<\/p>\n<p>Unordnung ist h\u00e4ufig ein Spiegelbild unserer inneren Welt. Stress, \u00dcberforderung oder emotionale Belastungen k\u00f6nnen dazu f\u00fchren, dass wir Dinge ansammeln und uns von ihnen erdr\u00fccken lassen. Frage dich: Was steckt hinter deiner Unordnung? Ist es Zeitmangel, eine emotionale Bindung an bestimmte Gegenst\u00e4nde oder vielleicht die Angst, etwas Wichtiges zu verlieren? Indem du die Ursachen erkennst, kannst du gezielt an L\u00f6sungen arbeiten.<\/p>\n<p>Ordnung ist nicht nur ein \u00e4u\u00dferlicher Zustand, sondern auch eine innere Haltung. Indem du die Ursachen f\u00fcr Unordnung erkennst und aktiv angehst, schaffst du nicht nur ein harmonisches Umfeld, sondern auch Raum f\u00fcr neue Ideen und positive Energie.<br \/>\nLass uns gemeinsam den ersten Schritt in ein geordnetes Leben gehen \u2013 du wirst \u00fcberrascht sein, wie befreiend und inspirierend Ordnung sein kann!<\/p>\n<p>Ordnung ist der Schl\u00fcssel zu einem erf\u00fcllten Leben. Mach den ersten Schritt \u2013 f\u00fcr dich!<\/p>\n","protected":false},"excerpt":{"rendered":"<p>OrdnungsCoaching Finde die Ursache f\u00fcr Unordnung \u2013 Bringe Ordnung in dein Leben! F\u00fchlst du dich manchmal von der Unordnung in deinem Zuhause oder in deinem&hellip;<\/p>\n","protected":false},"author":1,"featured_media":0,"parent":0,"menu_order":0,"comment_status":"closed","ping_status":"closed","template":"templates\/template-full-width.php","meta":{"footnotes":""},"class_list":["post-61","page","type-page","status-publish","hentry"],"_links":{"self":[{"href":"https:\/\/www.burgcoaching.de\/index.php?rest_route=\/wp\/v2\/pages\/61","targetHints":{"allow":["GET"]}}],"collection":[{"href":"https:\/\/www.burgcoaching.de\/index.php?rest_route=\/wp\/v2\/pages"}],"about":[{"href":"https:\/\/www.burgcoaching.de\/index.php?rest_route=\/wp\/v2\/types\/page"}],"author":[{"embeddable":true,"href":"https:\/\/www.burgcoaching.de\/index.php?rest_route=\/wp\/v2\/users\/1"}],"replies":[{"embeddable":true,"href":"https:\/\/www.burgcoaching.de\/index.php?rest_route=%2Fwp%2Fv2%2Fcomments&post=61"}],"version-history":[{"count":19,"href":"https:\/\/www.burgcoaching.de\/index.php?rest_route=\/wp\/v2\/pages\/61\/revisions"}],"predecessor-version":[{"id":368,"href":"https:\/\/www.burgcoaching.de\/index.php?rest_route=\/wp\/v2\/pages\/61\/revisions\/368"}],"wp:attachment":[{"href":"https:\/\/www.burgcoaching.de\/index.php?rest_route=%2Fwp%2Fv2%2Fmedia&parent=61"}],"curies":[{"name":"wp","href":"https:\/\/api.w.org\/{rel}","templated":true}]}}