{"id":59,"date":"2023-12-06T00:33:39","date_gmt":"2023-12-05T23:33:39","guid":{"rendered":"https:\/\/burgcoaching.de\/?page_id=59"},"modified":"2025-08-27T16:02:59","modified_gmt":"2025-08-27T14:02:59","slug":"kinder-coaching","status":"publish","type":"page","link":"https:\/\/www.burgcoaching.de\/?page_id=59","title":{"rendered":"Kinder Coaching"},"content":{"rendered":"<figure class=\"wp-block-image alignfull size-full\"><img loading=\"lazy\" decoding=\"async\" src=\"https:\/\/www.burgcoaching.de\/wp-content\/uploads\/2024\/12\/Kinder-Coaching.jpg\" alt=\"\" width=\"1400\" height=\"732\" class=\"alignnone size-full wp-image-339\" srcset=\"https:\/\/www.burgcoaching.de\/wp-content\/uploads\/2024\/12\/Kinder-Coaching.jpg 1400w, https:\/\/www.burgcoaching.de\/wp-content\/uploads\/2024\/12\/Kinder-Coaching-300x157.jpg 300w, https:\/\/www.burgcoaching.de\/wp-content\/uploads\/2024\/12\/Kinder-Coaching-1024x535.jpg 1024w, https:\/\/www.burgcoaching.de\/wp-content\/uploads\/2024\/12\/Kinder-Coaching-768x402.jpg 768w\" sizes=\"auto, (max-width: 1400px) 100vw, 1400px\" \/><\/figure>\n<h1>KinderCoaching<\/h1>\n<p class=\"burg\">Ich, Beate Burg, begr\u00fc\u00dfe alle, die den Weg zum KinderCoaching gefunden haben, und stehe denen die Unterst\u00fctzung f\u00fcr sich und im Umgang mit dem Kind\/den Kindern mit Rat und Tat zur Seite. Das KinderCoaching bietet eine umfassende Unterst\u00fctzung in verschiedenen Bereichen, um die individuellen Bed\u00fcrfnisse und Herausforderungen des Kindes zu erkennen und gemeinsam andere oder neue Wege zu erarbeiten.<\/p>\n<p>Als erfahrene und professionelle Coachin stehe ich bereit, um dem Kind zu helfen, sein volles Potenzial zu entfalten und Selbstvertrauen aufzubauen. Einf\u00fchlsam begleite ich das Kind auf seinem Weg, um die eigenen St\u00e4rken zu erkennen und Herausforderungen meistern zu k\u00f6nnen. Dabei lege ich gro\u00dfen Wert auf eine vertrauens- und respektvolle Atmosph\u00e4re, in der sich das Kind wohlf\u00fchlen kann.<\/p>\n<p>Egal, ob es um schulische Schwierigkeiten, Konflikte im sozialen Umfeld, \u00c4ngste oder andere Probleme geht- jedes Anliegen wird ernst genommen- und behutsam und achtsam beschaut, um dem Kind die Unterst\u00fctzung zu geben, die es braucht. Ich wende meinen Blick darauf, dass jedes Kind einzigartig ist und ein Recht darauf hat, seine eigene Pers\u00f6nlichkeit zu entfalten.<\/p>\n<p>Das KinderCoaching zeichnet sich durch eine ganzheitliche Betrachtung des Kindes aus. Es wird nicht nur auf die Symptome geschaut, sondern auf die Ursachen, um nachhaltige Ver\u00e4nderungen zu erm\u00f6glichen. Dabei arbeite ich mit verschiedenen Methoden und Techniken, die auf die Bed\u00fcrfnisse des Kindes zugeschnitten sind.<\/p>\n<p>Ziel sollte es sein, dass das Kind seine Talente und F\u00e4higkeiten entdeckt, selbstbewusst wird und gest\u00e4rkt aus den Sitzungen hervorgeht. Durch das KinderCoaching sollen sowohl die pers\u00f6nliche Entwicklung als auch das Wohlbefinden des Kindes gef\u00f6rdert werden.<\/p>\n<p>Ich lade alle Interessierten herzlich ein, mich kennenzulernen und freue mich darauf, dem Kind im KinderCoaching zu begegnen und das Kind auf seinem spannenden Weg zu begleiten. Einfach gerne einen Termin vereinbaren, per Kontaktformular oder per Mail.<\/p>\n","protected":false},"excerpt":{"rendered":"<p>KinderCoaching Ich, Beate Burg, begr\u00fc\u00dfe alle, die den Weg zum KinderCoaching gefunden haben, und stehe denen die Unterst\u00fctzung f\u00fcr sich und im Umgang mit dem&hellip;<\/p>\n","protected":false},"author":1,"featured_media":0,"parent":0,"menu_order":0,"comment_status":"closed","ping_status":"closed","template":"templates\/template-full-width.php","meta":{"footnotes":""},"class_list":["post-59","page","type-page","status-publish","hentry"],"_links":{"self":[{"href":"https:\/\/www.burgcoaching.de\/index.php?rest_route=\/wp\/v2\/pages\/59","targetHints":{"allow":["GET"]}}],"collection":[{"href":"https:\/\/www.burgcoaching.de\/index.php?rest_route=\/wp\/v2\/pages"}],"about":[{"href":"https:\/\/www.burgcoaching.de\/index.php?rest_route=\/wp\/v2\/types\/page"}],"author":[{"embeddable":true,"href":"https:\/\/www.burgcoaching.de\/index.php?rest_route=\/wp\/v2\/users\/1"}],"replies":[{"embeddable":true,"href":"https:\/\/www.burgcoaching.de\/index.php?rest_route=%2Fwp%2Fv2%2Fcomments&post=59"}],"version-history":[{"count":14,"href":"https:\/\/www.burgcoaching.de\/index.php?rest_route=\/wp\/v2\/pages\/59\/revisions"}],"predecessor-version":[{"id":399,"href":"https:\/\/www.burgcoaching.de\/index.php?rest_route=\/wp\/v2\/pages\/59\/revisions\/399"}],"wp:attachment":[{"href":"https:\/\/www.burgcoaching.de\/index.php?rest_route=%2Fwp%2Fv2%2Fmedia&parent=59"}],"curies":[{"name":"wp","href":"https:\/\/api.w.org\/{rel}","templated":true}]}}