{"id":57,"date":"2023-12-06T00:33:12","date_gmt":"2023-12-05T23:33:12","guid":{"rendered":"https:\/\/burgcoaching.de\/?page_id=57"},"modified":"2025-08-27T15:57:30","modified_gmt":"2025-08-27T13:57:30","slug":"elterncoaching","status":"publish","type":"page","link":"https:\/\/www.burgcoaching.de\/?page_id=57","title":{"rendered":"Eltern Coaching"},"content":{"rendered":"<figure class=\"wp-block-image alignfull size-full\"><img loading=\"lazy\" decoding=\"async\" src=\"https:\/\/www.burgcoaching.de\/wp-content\/uploads\/2024\/12\/ElternCoaching.jpg\" alt=\"\" width=\"1400\" height=\"732\" class=\"alignnone size-full wp-image-343\" srcset=\"https:\/\/www.burgcoaching.de\/wp-content\/uploads\/2024\/12\/ElternCoaching.jpg 1400w, https:\/\/www.burgcoaching.de\/wp-content\/uploads\/2024\/12\/ElternCoaching-300x157.jpg 300w, https:\/\/www.burgcoaching.de\/wp-content\/uploads\/2024\/12\/ElternCoaching-1024x535.jpg 1024w, https:\/\/www.burgcoaching.de\/wp-content\/uploads\/2024\/12\/ElternCoaching-768x402.jpg 768w\" sizes=\"auto, (max-width: 1400px) 100vw, 1400px\" \/><\/figure>\n<h1>ElternCoaching<\/h1>\n<p class=\"burg\">ElternCoaching ist eine wertvolle Unterst\u00fctzung f\u00fcr Eltern, die ihre Erziehungsf\u00e4higkeiten verbessern m\u00f6chten. Es bietet ihnen die M\u00f6glichkeit, ihre St\u00e4rken zu erkennen und ihre Schw\u00e4chen anzugehen, um eine gesunde und liebevolle Beziehung zu ihren Kindern aufzubauen.<\/p>\n<p>Als erfahrene Eltern Coachin bin ich, Beate Burg, den Eltern dabei behilflich, ihre Erziehungsziele zu definieren und Strategien zu entwickeln, um diese Ziele zu erreichen. Im Coaching erarbeiten wir individuelle Anleitung und Unterst\u00fctzung.<\/p>\n<p>ElternCoaching kann in verschiedenen Bereichen helfen. Zum Beispiel k\u00f6nnen Eltern lernen, wie sie effektive Kommunikationstechniken anwenden k\u00f6nnen, um mit ihren Kindern besser zu kommunizieren. Sie k\u00f6nnen auch lernen, wie sie Konflikte l\u00f6sen und disziplin\u00e4re Ma\u00dfnahmen angemessen anwenden k\u00f6nnen.<\/p>\n<p>Ein weiterer wichtiger Aspekt des ElternCoachings ist die F\u00f6rderung der elterlichen Selbstf\u00fcrsorge. Oft vernachl\u00e4ssigen Eltern ihre eigenen Bed\u00fcrfnisse zugunsten ihrer Kinder. Eine Coachin kann ihnen helfen, ein Gleichgewicht zwischen den Bed\u00fcrfnissen ihrer Kinder und ihren eigenen Bed\u00fcrfnissen herzustellen.<\/p>\n<p>ElternCoaching kann auch bei spezifischen Herausforderungen helfen, wie zum Beispiel dem Umgang mit einem schwierigen Verhalten des Kindes oder dem Umgang mit einer Trennung oder Scheidung. Die Coachin kann den Eltern helfen, neue Perspektiven zu gewinnen und L\u00f6sungswege einzuleiten.<\/p>\n<p>Es ist wichtig zu betonen, dass ElternCoaching darauf abzielt, Eltern zu unterst\u00fctzen und zu f\u00f6rdern, ohne ihre F\u00e4higkeiten zu schm\u00e4lern. Der Fokus liegt darauf, ihnen Handlungsm\u00f6glichkeiten und Strategien an die Hand zu geben, um ihre Erziehungsf\u00e4higkeiten zu erweitern.<br \/>\nElternCoaching kann in verschiedenen Formen angeboten werden, wie zum Beispiel Einzelberatung, Familienberatung, Gruppensitzungen oder Workshops.<br \/>\nDie Wahl der geeigneten Form h\u00e4ngt von den individuellen Bed\u00fcrfnissen der Eltern ab.<\/p>\n<p>Ein pers\u00f6nliches Erstgespr\u00e4ch ist in meinen R\u00e4umen oder eurem Zuhause m\u00f6glich.<\/p>\n<p>Insgesamt kann ElternCoaching eine wertvolle Ressource sein.<\/p>\n","protected":false},"excerpt":{"rendered":"<p>ElternCoaching ElternCoaching ist eine wertvolle Unterst\u00fctzung f\u00fcr Eltern, die ihre Erziehungsf\u00e4higkeiten verbessern m\u00f6chten. Es bietet ihnen die M\u00f6glichkeit, ihre St\u00e4rken zu erkennen und ihre Schw\u00e4chen&hellip;<\/p>\n","protected":false},"author":1,"featured_media":0,"parent":0,"menu_order":0,"comment_status":"closed","ping_status":"closed","template":"templates\/template-full-width.php","meta":{"footnotes":""},"class_list":["post-57","page","type-page","status-publish","hentry"],"_links":{"self":[{"href":"https:\/\/www.burgcoaching.de\/index.php?rest_route=\/wp\/v2\/pages\/57","targetHints":{"allow":["GET"]}}],"collection":[{"href":"https:\/\/www.burgcoaching.de\/index.php?rest_route=\/wp\/v2\/pages"}],"about":[{"href":"https:\/\/www.burgcoaching.de\/index.php?rest_route=\/wp\/v2\/types\/page"}],"author":[{"embeddable":true,"href":"https:\/\/www.burgcoaching.de\/index.php?rest_route=\/wp\/v2\/users\/1"}],"replies":[{"embeddable":true,"href":"https:\/\/www.burgcoaching.de\/index.php?rest_route=%2Fwp%2Fv2%2Fcomments&post=57"}],"version-history":[{"count":22,"href":"https:\/\/www.burgcoaching.de\/index.php?rest_route=\/wp\/v2\/pages\/57\/revisions"}],"predecessor-version":[{"id":396,"href":"https:\/\/www.burgcoaching.de\/index.php?rest_route=\/wp\/v2\/pages\/57\/revisions\/396"}],"wp:attachment":[{"href":"https:\/\/www.burgcoaching.de\/index.php?rest_route=%2Fwp%2Fv2%2Fmedia&parent=57"}],"curies":[{"name":"wp","href":"https:\/\/api.w.org\/{rel}","templated":true}]}}