{"id":55,"date":"2023-12-06T00:32:33","date_gmt":"2023-12-05T23:32:33","guid":{"rendered":"https:\/\/burgcoaching.de\/?page_id=55"},"modified":"2025-08-27T16:15:12","modified_gmt":"2025-08-27T14:15:12","slug":"supervision","status":"publish","type":"page","link":"https:\/\/www.burgcoaching.de\/?page_id=55","title":{"rendered":"Supervision"},"content":{"rendered":"<figure class=\"wp-block-image alignfull size-full\"><img loading=\"lazy\" decoding=\"async\" src=\"https:\/\/www.burgcoaching.de\/wp-content\/uploads\/2024\/12\/Supervision.jpg\" alt=\"\" width=\"1400\" height=\"732\" class=\"alignnone size-full wp-image-341\" srcset=\"https:\/\/www.burgcoaching.de\/wp-content\/uploads\/2024\/12\/Supervision.jpg 1400w, https:\/\/www.burgcoaching.de\/wp-content\/uploads\/2024\/12\/Supervision-300x157.jpg 300w, https:\/\/www.burgcoaching.de\/wp-content\/uploads\/2024\/12\/Supervision-1024x535.jpg 1024w, https:\/\/www.burgcoaching.de\/wp-content\/uploads\/2024\/12\/Supervision-768x402.jpg 768w\" sizes=\"auto, (max-width: 1400px) 100vw, 1400px\" \/><\/figure>\n<h1>Supervision<\/h1>\n<p class=\"burg\">Entdecke die transformative Kraft der Supervision! In einem gesch\u00fctzten Raum erm\u00f6glichen dir regelm\u00e4\u00dfige Reflexionen, deine eigene Praxis zu hinterfragen und weiterzuentwickeln. Supervision f\u00f6rdert nicht nur deine pers\u00f6nliche und berufliche Weiterentwicklung, sondern st\u00e4rkt auch die Teamdynamik und die Qualit\u00e4t deiner Arbeit. Nutze die Gelegenheit, neue Perspektiven zu gewinnen und Herausforderungen gemeinsam zu bew\u00e4ltigen. Dein Vertrauen in die eigene Kompetenz wird gest\u00e4rkt, und die Freude an der Arbeit kehrt zur\u00fcck. Lass dich inspirieren und erlebe, wie Supervision neue Impulse setzen kann!<\/p>\n<p>Supervision ist ein strukturierter Prozess, der dir hilft, berufliche Herausforderungen zu bew\u00e4ltigen, deine Kompetenzen zu erweitern und deine pers\u00f6nliche Entwicklung zu f\u00f6rdern. Durch die Zusammenarbeit mit mir, als deiner Supervisorin, erh\u00e4ltst du wertvolle Impulse, neue Perspektiven und praxisnahe L\u00f6sungen f\u00fcr deine Fragen.<\/p>\n<p>**<strong>Deine Vorteile auf einen Blick:<\/strong>**<\/p>\n<p>&#8211; **<strong>Reflexion und Klarheit<\/strong>**: Gewinne neue Einsichten und kl\u00e4re deine Ziele mit meiner Unterst\u00fctzung.<br \/>\n&#8211; **<strong>Professionelle Unterst\u00fctzung<\/strong>**: Profitiere von meiner Expertise als Supervisorin.<br \/>\n&#8211; **<strong>Stressbew\u00e4ltigung<\/strong>**: Lerne, besser mit herausfordernden Situationen umzugehen und deine Resilienz zu st\u00e4rken.<\/p>\n<p>**<strong>Mein Angebot f\u00fcr dich:<\/strong>**<\/p>\n<p>&#8211; **<strong>Einzel- und Gruppensupervision<\/strong>**: Ich helfe dir, das passende Format f\u00fcr deine Bed\u00fcrfnisse zu finden.<br \/>\n&#8211; **<strong>Fachspezifische Supervision<\/strong>**: Mit meiner umfangreichen Erfahrung aus verschiedenen Branchen stehe ich dir zur Seite.<br \/>\n&#8211; **<strong>Online- und Pr\u00e4senzformate<\/strong>**: Wo und wie es f\u00fcr dich am besten passt.<\/p>\n<p>Investiere in deine Zukunft! Entdecke, wie ich, Beate Burg, dir durch Supervision helfen kann, deine beruflichen Ziele zu erreichen und dein volles Potenzial auszusch\u00f6pfen. Kontaktiere mich f\u00fcr ein unverbindliches Erstgespr\u00e4ch und lass uns gemeinsam an deiner Entwicklung arbeiten.<\/p>\n<p>**Supervision \u2013 Deine Br\u00fccke zu mehr Klarheit, St\u00e4rke und Erfolg!**<\/p>\n","protected":false},"excerpt":{"rendered":"<p>Supervision Entdecke die transformative Kraft der Supervision! In einem gesch\u00fctzten Raum erm\u00f6glichen dir regelm\u00e4\u00dfige Reflexionen, deine eigene Praxis zu hinterfragen und weiterzuentwickeln. Supervision f\u00f6rdert nicht&hellip;<\/p>\n","protected":false},"author":1,"featured_media":0,"parent":0,"menu_order":0,"comment_status":"closed","ping_status":"closed","template":"templates\/template-full-width.php","meta":{"footnotes":""},"class_list":["post-55","page","type-page","status-publish","hentry"],"_links":{"self":[{"href":"https:\/\/www.burgcoaching.de\/index.php?rest_route=\/wp\/v2\/pages\/55","targetHints":{"allow":["GET"]}}],"collection":[{"href":"https:\/\/www.burgcoaching.de\/index.php?rest_route=\/wp\/v2\/pages"}],"about":[{"href":"https:\/\/www.burgcoaching.de\/index.php?rest_route=\/wp\/v2\/types\/page"}],"author":[{"embeddable":true,"href":"https:\/\/www.burgcoaching.de\/index.php?rest_route=\/wp\/v2\/users\/1"}],"replies":[{"embeddable":true,"href":"https:\/\/www.burgcoaching.de\/index.php?rest_route=%2Fwp%2Fv2%2Fcomments&post=55"}],"version-history":[{"count":14,"href":"https:\/\/www.burgcoaching.de\/index.php?rest_route=\/wp\/v2\/pages\/55\/revisions"}],"predecessor-version":[{"id":400,"href":"https:\/\/www.burgcoaching.de\/index.php?rest_route=\/wp\/v2\/pages\/55\/revisions\/400"}],"wp:attachment":[{"href":"https:\/\/www.burgcoaching.de\/index.php?rest_route=%2Fwp%2Fv2%2Fmedia&parent=55"}],"curies":[{"name":"wp","href":"https:\/\/api.w.org\/{rel}","templated":true}]}}