{"id":3,"date":"2023-12-05T15:12:14","date_gmt":"2023-12-05T14:12:14","guid":{"rendered":"https:\/\/burgcoaching.de\/?page_id=3"},"modified":"2024-01-16T18:39:37","modified_gmt":"2024-01-16T17:39:37","slug":"datenschutzerklaerung","status":"publish","type":"page","link":"https:\/\/www.burgcoaching.de\/?page_id=3","title":{"rendered":"Datenschutzerkl\u00e4rung"},"content":{"rendered":"<h2>Allgemeiner Hinweis und Pflichtinformationen<\/h2>\n<h4>Benennung der verantwortlichen Stelle<\/h4>\n<p>Die verantwortliche Stelle f\u00fcr die Datenverarbeitung auf dieser Website ist:<\/p>\n<p>Beate Burg<br \/>\nWeskampstra\u00dfe 28<br \/>\n26121 Oldenburg<\/p>\n<p>Telefon: 01515 4952234<br \/>\nE-Mail: dieburg@burgcoaching.de<br \/>\nDie verantwortliche Stelle entscheidet allein oder gemeinsam mit anderen \u00fcber die Zwecke und Mittel der Verarbeitung von personenbezogenen Daten (z.B. Namen, Kontaktdaten o. \u00c4.).<\/p>\n<h4>Widerruf Ihrer Einwilligung zur Datenverarbeitung<\/h4>\n<p>Mit Einwilligung sind einige Vorg\u00e4nge der Datenverarbeitung m\u00f6glich. Ein Widerruf Ihrer bereits erteilten Einwilligung ist jederzeit m\u00f6glich. F\u00fcr den Widerruf gen\u00fcgt eine formlose Mitteilung per E-Mail. Die Rechtm\u00e4\u00dfigkeit der bis zum Widerruf erfolgten Datenverarbeitung bleibt vom Widerruf unber\u00fchrt.<\/p>\n<h4>Recht auf Beschwerde bei der zust\u00e4ndigen Aufsichtsbeh\u00f6rde<\/h4>\n<p>Als Betroffener steht Ihnen im Falle eines datenschutzrechtlichen Versto\u00dfes ein Beschwerderecht bei der zust\u00e4ndigen Aufsichtsbeh\u00f6rde zu. Zust\u00e4ndige Aufsichtsbeh\u00f6rde bez\u00fcglich datenschutzrechtlicher Fragen ist der Landesdatenschutzbeauftragte des Bundeslandes, in dem sich der Sitz des Unternehmens befindet. Der folgende Link stellt eine Liste der Datenschutzbeauftragten sowie deren Kontaktdaten bereit: www.bfdi.bund.de<\/p>\n<h4>Recht auf Daten\u00fcbertragbarkeit<\/h4>\n<p>Ihnen steht das Recht zu, Daten, die auf Grundlage Ihrer Einwilligung oder in Erf\u00fcllung eines Vertrags verarbeiten, an sich oder an Dritte aush\u00e4ndigen zu lassen. Die Bereitstellung erfolgt in einem maschinenlesbaren Format. Sofern Sie die direkte \u00dcbertragung der Daten an einen anderen Verantwortlichen verlangen, erfolgt dies nur, soweit es technisch machbar ist.<\/p>\n<h4>Recht auf Auskunft, Berichtigung, Sperrung, L\u00f6schung<\/h4>\n<p>Die Zugriffe werden protokolliert auf dem HTTP-Server wie allgemein \u00fcblich. Die Protokolle beinhalten jeweils Datum und Zeit, die Bezeichnung (URL) der angeforderten Seite und die Bezeichnung (IP-Nummer) des Rechners, von dem aus die Seite abgerufen wird. Diese Daten sind nicht personenbezogen und dienen der rechtlichen Absicherung (z.B. gegen Hacker-Angriffe) und zur Optimierung der Webpr\u00e4senz durch die statistische Auswertung der Daten (z.B. Zugriffsfehler, durchschnittliche Verweilzeit, verwendete Internet-Browser und Betriebssysteme).<\/p>\n<h4>Server-Log-Dateien<\/h4>\n<p>In Server-Log-Dateien erhebt und speichert der Provider der Website automatisch Informationen, die der Browser automatisch \u00fcbermittelt. Dies sind:<\/p>\n<p>&#8211; Browsertyp und Browserversion<br \/>\n&#8211; Verwendetes Betriebssystem<br \/>\n&#8211; Referrer URL<br \/>\n&#8211; Hostname des zugreifenden Rechners<br \/>\n&#8211; Uhrzeit der Serveranfrage<br \/>\n&#8211; IP-Adresse<\/p>\n<p>Es findet keine Zusammenf\u00fchrung dieser Daten mit anderen Datenquellen statt. Grundlage der Datenverarbeitung bildet Art. 6 Abs. 1 lit. b DSGVO, der die Verarbeitung von Daten zur Erf\u00fcllung eines Vertrags oder vorvertraglicher Ma\u00dfnahmen gestattet.<\/p>\n<h4>Cookies<\/h4>\n<p>Diese Website verwendet Cookies. Das sind kleine Textdateien, die der Webbrowser auf dem Endger\u00e4t speichert. Cookies helfen dabei, das Angebot nutzerfreundlicher, effektiver und sicherer zu machen. Einige Cookies sind \u201cSession-Cookies.\u201d Solche Cookies werden nach Ende der Browser-Sitzung von selbst gel\u00f6scht. Hingegen bleiben andere Cookies auf dem Endger\u00e4t bestehen, bis Sie diese selbst l\u00f6schen. Solche Cookies helfen, bei erneuter R\u00fcckkehr auf die Website eine Wiedererkennung. Mit einem modernen Webbrowser k\u00f6nnen das Setzen von Cookies \u00fcberwacht, einschr\u00e4nkt oder unterbunden werden. Viele Webbrowser lassen sich so konfigurieren, dass Cookies mit dem Schlie\u00dfen des Programms von selbst gel\u00f6scht werden. Die Deaktivierung von Cookies kann eine eingeschr\u00e4nkte Funktionalit\u00e4t dieser Website zur Folge haben.<br \/>\nDas Setzen von Cookies, die zur Aus\u00fcbung elektronischer Kommunikationsvorg\u00e4nge notwendig sind, erfolgt auf Grundlage von Art. 6 Abs. 1 lit. f DSGVO. Als Betreiber dieser Website besteht ein berechtigtes Interesse an der Speicherung von Cookies zur technisch fehlerfreien und reibungslosen Bereitstellung der Dienste.<\/p>\n","protected":false},"excerpt":{"rendered":"<p>Allgemeiner Hinweis und Pflichtinformationen Benennung der verantwortlichen Stelle Die verantwortliche Stelle f\u00fcr die Datenverarbeitung auf dieser Website ist: Beate Burg Weskampstra\u00dfe 28 26121 Oldenburg Telefon:&hellip;<\/p>\n","protected":false},"author":1,"featured_media":0,"parent":0,"menu_order":0,"comment_status":"closed","ping_status":"open","template":"templates\/template-full-width.php","meta":{"footnotes":""},"class_list":["post-3","page","type-page","status-publish","hentry"],"_links":{"self":[{"href":"https:\/\/www.burgcoaching.de\/index.php?rest_route=\/wp\/v2\/pages\/3","targetHints":{"allow":["GET"]}}],"collection":[{"href":"https:\/\/www.burgcoaching.de\/index.php?rest_route=\/wp\/v2\/pages"}],"about":[{"href":"https:\/\/www.burgcoaching.de\/index.php?rest_route=\/wp\/v2\/types\/page"}],"author":[{"embeddable":true,"href":"https:\/\/www.burgcoaching.de\/index.php?rest_route=\/wp\/v2\/users\/1"}],"replies":[{"embeddable":true,"href":"https:\/\/www.burgcoaching.de\/index.php?rest_route=%2Fwp%2Fv2%2Fcomments&post=3"}],"version-history":[{"count":4,"href":"https:\/\/www.burgcoaching.de\/index.php?rest_route=\/wp\/v2\/pages\/3\/revisions"}],"predecessor-version":[{"id":286,"href":"https:\/\/www.burgcoaching.de\/index.php?rest_route=\/wp\/v2\/pages\/3\/revisions\/286"}],"wp:attachment":[{"href":"https:\/\/www.burgcoaching.de\/index.php?rest_route=%2Fwp%2Fv2%2Fmedia&parent=3"}],"curies":[{"name":"wp","href":"https:\/\/api.w.org\/{rel}","templated":true}]}}